{"id":11,"date":"2017-10-17T18:13:36","date_gmt":"2017-10-17T18:13:36","guid":{"rendered":"https:\/\/bpmse.hu\/wp\/?page_id=11"},"modified":"2019-06-04T15:35:34","modified_gmt":"2019-06-04T15:35:34","slug":"esemenyek","status":"publish","type":"page","link":"https:\/\/bpmse.hu\/wp\/esemenyek\/","title":{"rendered":"Esem\u00e9nyek"},"content":{"rendered":"<div>\n<p><strong>Ez \u00e9vi legf\u0151bb feladataink<\/strong><\/p>\n<p>Ez \u00e9vi legf\u0151bb feladataink<br \/>\n-Az MMSZ versenynapt\u00e1rban is szerepl\u0151 5 verseny\u00fcnk illetve rendezv\u00e9ny\u00fcnk magasszint\u0171 lebonyol\u00edt\u00e1sa:<\/p>\n<p>-Tavaszi Antik Modell Verseny Als\u00f3n\u00e9medi<\/p>\n<p>-Modellez\u0151 T\u00e1bor Kunszentmikl\u00f3s 2019.07.20-28.<\/p>\n<p>-AmperParty Ferihegy3<\/p>\n<p>-R\u00e9gi Rubik Rep\u00fcl\u0151modellek Tal\u00e1lkoz\u00f3ja Esztergom<\/p>\n<p>-T\u00f3th Mih\u00e1ly Eml\u00e9kverseny Als\u00f3n\u00e9medi<\/p>\n<p>&#8211; Ut\u00e1np\u00f3tl\u00e1s nevel\u00e9sben \u00fajra nekifutunk a lehetetlennek \u00e9s iskol\u00e1kat keres\u00fcnk fel ,akik tal\u00e1n partnerk\u00e9nt tekintenek r\u00e1nk.<\/p>\n<p>&#8211; MMSZ p\u00e1ly\u00e1zaton k\u00e9r\u00fcnk t\u00e1mogat\u00e1st az ut\u00e1np\u00f3tl\u00e1s nevel\u00e9si feladatokhoz.<\/p>\n<\/div>\n","protected":false},"excerpt":{"rendered":"<p>Ez \u00e9vi legf\u0151bb feladataink Ez \u00e9vi legf\u0151bb feladataink -Az MMSZ versenynapt\u00e1rban is szerepl\u0151 5 verseny\u00fcnk illetve rendezv\u00e9ny\u00fcnk magasszint\u0171 lebonyol\u00edt\u00e1sa: -Tavaszi Antik Modell Verseny Als\u00f3n\u00e9medi -Modellez\u0151 T\u00e1bor Kunszentmikl\u00f3s 2019.07.20-28. -AmperParty Ferihegy3 -R\u00e9gi Rubik Rep\u00fcl\u0151modellek Tal\u00e1lkoz\u00f3ja Esztergom -T\u00f3th Mih\u00e1ly Eml\u00e9kverseny Als\u00f3n\u00e9medi &#8211; Ut\u00e1np\u00f3tl\u00e1s nevel\u00e9sben \u00fajra nekifutunk a lehetetlennek \u00e9s iskol\u00e1kat keres\u00fcnk fel ,akik tal\u00e1n partnerk\u00e9nt tekintenek r\u00e1nk. &hellip; <a href=\"https:\/\/bpmse.hu\/wp\/esemenyek\/\" class=\"more-link\"><span class=\"screen-reader-text\">&#8222;Esem\u00e9nyek&#8221;<\/span> b\u0151vebben<\/a><\/p>\n","protected":false},"author":2,"featured_media":0,"parent":0,"menu_order":0,"comment_status":"closed","ping_status":"closed","template":"","meta":{"footnotes":""},"_links":{"self":[{"href":"https:\/\/bpmse.hu\/wp\/wp-json\/wp\/v2\/pages\/11"}],"collection":[{"href":"https:\/\/bpmse.hu\/wp\/wp-json\/wp\/v2\/pages"}],"about":[{"href":"https:\/\/bpmse.hu\/wp\/wp-json\/wp\/v2\/types\/page"}],"author":[{"embeddable":true,"href":"https:\/\/bpmse.hu\/wp\/wp-json\/wp\/v2\/users\/2"}],"replies":[{"embeddable":true,"href":"https:\/\/bpmse.hu\/wp\/wp-json\/wp\/v2\/comments?post=11"}],"version-history":[{"count":9,"href":"https:\/\/bpmse.hu\/wp\/wp-json\/wp\/v2\/pages\/11\/revisions"}],"predecessor-version":[{"id":705,"href":"https:\/\/bpmse.hu\/wp\/wp-json\/wp\/v2\/pages\/11\/revisions\/705"}],"wp:attachment":[{"href":"https:\/\/bpmse.hu\/wp\/wp-json\/wp\/v2\/media?parent=11"}],"curies":[{"name":"wp","href":"https:\/\/api.w.org\/{rel}","templated":true}]}}